{"id":352,"date":"2019-09-11T16:41:42","date_gmt":"2019-09-11T20:41:42","guid":{"rendered":"https:\/\/www.dentistedeschampsdorval.com\/?page_id=352"},"modified":"2019-09-18T11:11:58","modified_gmt":"2019-09-18T15:11:58","slug":"dre-sophie-deschamps","status":"publish","type":"page","link":"https:\/\/www.dentistedeschampsdorval.com\/en\/our-dentists\/dre-sophie-deschamps\/","title":{"rendered":"Dre Sophie Deschamps"},"content":{"rendered":"<p><a href=\"https:\/\/www.dentistedeschampsdorval.com\/wp-content\/uploads\/2014\/03\/Dre-sophie-deschamps-195x226.jpg\"><img loading=\"lazy\" decoding=\"async\" data-attachment-id=\"356\" data-permalink=\"https:\/\/www.dentistedeschampsdorval.com\/en\/our-dentists\/dre-sophie-deschamps\/attachment\/dre-sophie-deschamps-195x226\/\" data-orig-file=\"https:\/\/www.dentistedeschampsdorval.com\/wp-content\/uploads\/2014\/03\/Dre-sophie-deschamps-195x226.jpg\" data-orig-size=\"195,226\" data-comments-opened=\"0\" data-image-meta=\"{&quot;aperture&quot;:&quot;2.4&quot;,&quot;credit&quot;:&quot;&quot;,&quot;camera&quot;:&quot;iPad Air&quot;,&quot;caption&quot;:&quot;&quot;,&quot;created_timestamp&quot;:&quot;1399019375&quot;,&quot;copyright&quot;:&quot;&quot;,&quot;focal_length&quot;:&quot;3.3&quot;,&quot;iso&quot;:&quot;32&quot;,&quot;shutter_speed&quot;:&quot;0.033333333333333&quot;,&quot;title&quot;:&quot;&quot;}\" data-image-title=\"Dre-sophie-deschamps-195&amp;#215;226\" data-image-description=\"\" data-image-caption=\"\" data-medium-file=\"https:\/\/www.dentistedeschampsdorval.com\/wp-content\/uploads\/2014\/03\/Dre-sophie-deschamps-195x226.jpg\" data-large-file=\"https:\/\/www.dentistedeschampsdorval.com\/wp-content\/uploads\/2014\/03\/Dre-sophie-deschamps-195x226.jpg\" class=\"size-full wp-image-356 aligncenter\" style=\"border: 1px solid black;\" src=\"https:\/\/www.dentistedeschampsdorval.com\/wp-content\/uploads\/2014\/03\/Dre-sophie-deschamps-195x226.jpg\" alt=\"\" width=\"195\" height=\"226\" \/><\/a><\/p>\n<ul style=\"padding-left: 30px;\">\n<li>Master\u2019s degree in neuroscience from McGill University in 2002<\/li>\n<\/ul>\n<ul style=\"padding-left: 30px;\">\n<li>Graduate from the Facult\u00e9 de m\u00e9decine dentaire of Universit\u00e9 de Montr\u00e9al in 2007<\/li>\n<\/ul>\n<ul style=\"padding-left: 30px;\">\n<li>Winning the Joseph-Nolin Prize of l\u2019Ordre des dentistes for her academic excellence in 2007<\/li>\n<\/ul>\n<ul style=\"padding-left: 30px;\">\n<li>Was part of the dental team of the Jewish General Hospital in Montreal until 2008<\/li>\n<\/ul>\n<ul style=\"padding-left: 30px;\">\n<li>Has joined Clinique dentaire Deschamps in 2008<\/li>\n<\/ul>\n<p>From the very beginning of her career, Sophie Deschamps has distinguished herself with young families, who constitute a significant part of her patients at the Clinique dentaire Deschamps.<\/p>\n<p>Dre Sophie Deschamps has also participated in a humanitarian mission with <a href=\"https:\/\/terresansfrontieres.ca\/en\/sending-volunteers\/professionals-without-borders\/dwb\/\">Dentistes sans fronti\u00e8res<\/a>\u00a0in Armenia.<\/p>\n","protected":false},"excerpt":{"rendered":"<p>Master\u2019s degree in neuroscience from McGill University in 2002 Graduate from the Facult\u00e9 de m\u00e9decine dentaire of Universit\u00e9 de Montr\u00e9al in 2007 Winning the Joseph-Nolin Prize of l\u2019Ordre des dentistes for her academic excellence in 2007 Was part of the dental team of the Jewish General Hospital in Montreal until 2008 Has joined Clinique dentaire &hellip; <a href=\"https:\/\/www.dentistedeschampsdorval.com\/en\/our-dentists\/dre-sophie-deschamps\/\" class=\"more-link\">Continue reading<span class=\"screen-reader-text\"> &#8220;Dre Sophie Deschamps&#8221;<\/span><\/a><\/p>\n","protected":false},"author":1,"featured_media":0,"parent":330,"menu_order":13,"comment_status":"closed","ping_status":"closed","template":"","meta":{"jetpack_post_was_ever_published":false,"footnotes":""},"class_list":["post-352","page","type-page","status-publish","hentry"],"jetpack_shortlink":"https:\/\/wp.me\/P4tgW6-5G","jetpack_sharing_enabled":false,"jetpack_likes_enabled":false,"_links":{"self":[{"href":"https:\/\/www.dentistedeschampsdorval.com\/en\/wp-json\/wp\/v2\/pages\/352","targetHints":{"allow":["GET"]}}],"collection":[{"href":"https:\/\/www.dentistedeschampsdorval.com\/en\/wp-json\/wp\/v2\/pages"}],"about":[{"href":"https:\/\/www.dentistedeschampsdorval.com\/en\/wp-json\/wp\/v2\/types\/page"}],"author":[{"embeddable":true,"href":"https:\/\/www.dentistedeschampsdorval.com\/en\/wp-json\/wp\/v2\/users\/1"}],"replies":[{"embeddable":true,"href":"https:\/\/www.dentistedeschampsdorval.com\/en\/wp-json\/wp\/v2\/comments?post=352"}],"version-history":[{"count":3,"href":"https:\/\/www.dentistedeschampsdorval.com\/en\/wp-json\/wp\/v2\/pages\/352\/revisions"}],"predecessor-version":[{"id":480,"href":"https:\/\/www.dentistedeschampsdorval.com\/en\/wp-json\/wp\/v2\/pages\/352\/revisions\/480"}],"up":[{"embeddable":true,"href":"https:\/\/www.dentistedeschampsdorval.com\/en\/wp-json\/wp\/v2\/pages\/330"}],"wp:attachment":[{"href":"https:\/\/www.dentistedeschampsdorval.com\/en\/wp-json\/wp\/v2\/media?parent=352"}],"curies":[{"name":"wp","href":"https:\/\/api.w.org\/{rel}","templated":true}]}}